{"id":384,"date":"2025-02-11T07:23:54","date_gmt":"2025-02-11T07:23:54","guid":{"rendered":"https:\/\/grupoether.es\/kitdigital\/?page_id=384"},"modified":"2025-02-11T07:23:54","modified_gmt":"2025-02-11T07:23:54","slug":"gestion-de-procesos","status":"publish","type":"page","link":"https:\/\/grupoether.es\/kitdigital\/gestion-de-procesos\/","title":{"rendered":"Gesti\u00f3n de procesos"},"content":{"rendered":"\n<p><h3 style=\"margin: 0px 0px 10px; padding: 0px; clear: both; color: rgb(59, 63, 74); font: 500 25px \/ 36px Roboto, Helvetica, Arial, Verdana, sans-serif; text-transform: none; letter-spacing: normal; orphans: 2; text-align: start; text-indent: 0px; widows: 2; word-spacing: 0px; -webkit-text-stroke-width: 0px; white-space: normal; background-color: rgb(255, 255, 255); text-decoration-thickness: initial; text-decoration-style: initial; text-decoration-color: initial;\">Funcionalidades y servicios del Plan B\u00e1sico.<\/h3><ul style=\"margin: 0px 0px 10px 20px; padding: 0px; list-style: disc; color: rgb(120, 125, 133); font-family: &quot;Open Sans&quot;, Helvetica, Arial, Verdana, sans-serif; font-size: 15px; font-style: normal; font-variant-ligatures: normal; font-variant-caps: normal; font-weight: 400; letter-spacing: normal; orphans: 2; text-align: start; text-indent: 0px; text-transform: none; widows: 2; word-spacing: 0px; -webkit-text-stroke-width: 0px; white-space: normal; background-color: rgb(255, 255, 255); text-decoration-thickness: initial; text-decoration-style: initial; text-decoration-color: initial;\"><li style=\"margin: 0px; padding: 0px;\"><strong style=\"margin: 0px; padding: 0px; font-weight: 700;\">Contabilidad\/finanzas<\/strong>: cuentas por cobrar\/por pagar, gesti\u00f3n de activos y generaci\u00f3n de cierres y balances, etc.<\/li><li style=\"margin: 0px; padding: 0px;\"><strong style=\"margin: 0px; padding: 0px; font-weight: 700;\">Facturaci\u00f3n<\/strong>: automatizaci\u00f3n de los procesos de facturaci\u00f3n con la generaci\u00f3n de presupuestos, albaranes y facturas.<\/li><li style=\"margin: 0px; padding: 0px;\"><strong style=\"margin: 0px; padding: 0px; font-weight: 700;\">Proyectos<\/strong>: control de presupuestos, costes, estimaciones, optimizaci\u00f3n de los recursos, etc.<\/li><li style=\"margin: 0px; padding: 0px;\"><strong style=\"margin: 0px; padding: 0px; font-weight: 700;\">Inventario<\/strong>: previsi\u00f3n, niveles de stock, env\u00edos, distribuciones, devoluciones y cancelaciones, etc.<\/li><li style=\"margin: 0px; padding: 0px;\"><strong style=\"margin: 0px; padding: 0px; font-weight: 700;\">Compras y pagos<\/strong>: gesti\u00f3n de pedidos de compra y proveedores.<\/li><li style=\"margin: 0px; padding: 0px;\"><strong style=\"margin: 0px; padding: 0px; font-weight: 700;\">Recursos humanos<\/strong>: gesti\u00f3n de los recursos humanos, n\u00f3minas, etc.<\/li><li style=\"margin: 0px; padding: 0px;\"><strong style=\"margin: 0px; padding: 0px; font-weight: 700;\">Log\u00edstica<\/strong>: gesti\u00f3n procesos log\u00edsticos.<\/li><\/ul><p style=\"margin: 0px 0px 10px; padding: 0px; color: rgb(120, 125, 133); font-family: &quot;Open Sans&quot;, Helvetica, Arial, Verdana, sans-serif; font-size: 15px; font-style: normal; font-variant-ligatures: normal; font-variant-caps: normal; font-weight: 400; letter-spacing: normal; orphans: 2; text-align: start; text-indent: 0px; text-transform: none; widows: 2; word-spacing: 0px; -webkit-text-stroke-width: 0px; white-space: normal; background-color: rgb(255, 255, 255); text-decoration-thickness: initial; text-decoration-style: initial; text-decoration-color: initial;\">\u00a0<\/p><p style=\"margin: 0px 0px 10px; padding: 0px; color: rgb(120, 125, 133); font-family: &quot;Open Sans&quot;, Helvetica, Arial, Verdana, sans-serif; font-size: 15px; font-style: normal; font-variant-ligatures: normal; font-variant-caps: normal; font-weight: 400; letter-spacing: normal; orphans: 2; text-align: start; text-indent: 0px; text-transform: none; widows: 2; word-spacing: 0px; -webkit-text-stroke-width: 0px; white-space: normal; background-color: rgb(255, 255, 255); text-decoration-thickness: initial; text-decoration-style: initial; text-decoration-color: initial;\">La soluci\u00f3n se ofrece disponible para su<span>\u00a0<\/span><strong style=\"margin: 0px; padding: 0px; font-weight: 700;\">integraci\u00f3n<\/strong><span>\u00a0<\/span>con otras plataformas,<span>\u00a0<\/span><strong style=\"margin: 0px; padding: 0px; font-weight: 700;\">actualizable<\/strong>,<span>\u00a0<\/span><strong style=\"margin: 0px; padding: 0px; font-weight: 700;\">escalable<\/strong><span>\u00a0<\/span>y cumple con el Reglamento por el que se regulan las obligaciones de facturaci\u00f3n del<span>\u00a0<\/span><strong style=\"margin: 0px; padding: 0px; font-weight: 700;\">Real Decreto 1619\/2012<\/strong>, as\u00ed como cualquier normativa de aplicaci\u00f3n.<\/p><p style=\"margin: 0px 0px 10px; padding: 0px; color: rgb(120, 125, 133); font-family: &quot;Open Sans&quot;, Helvetica, Arial, Verdana, sans-serif; font-size: 15px; font-style: normal; font-variant-ligatures: normal; font-variant-caps: normal; font-weight: 400; letter-spacing: normal; orphans: 2; text-align: start; text-indent: 0px; text-transform: none; widows: 2; word-spacing: 0px; -webkit-text-stroke-width: 0px; white-space: normal; background-color: rgb(255, 255, 255); text-decoration-thickness: initial; text-decoration-style: initial; text-decoration-color: initial;\">\u00a0<\/p><p style=\"margin: 0px 0px 10px; padding: 0px; color: rgb(120, 125, 133); font-family: &quot;Open Sans&quot;, Helvetica, Arial, Verdana, sans-serif; font-size: 15px; font-style: normal; font-variant-ligatures: normal; font-variant-caps: normal; font-weight: 400; letter-spacing: normal; orphans: 2; text-align: start; text-indent: 0px; text-transform: none; widows: 2; word-spacing: 0px; -webkit-text-stroke-width: 0px; white-space: normal; background-color: rgb(255, 255, 255); text-decoration-thickness: initial; text-decoration-style: initial; text-decoration-color: initial;\">Esta soluci\u00f3n incluye un n\u00famero de horas destinadas a la parametrizaci\u00f3n para ladefinici\u00f3n de las particularidades de los procesos de comercializaci\u00f3n, as\u00ed como para la carga de datos. Estas horas se determinan de la siguiente forma.<\/p><p style=\"margin: 0px; padding: 0px; color: rgb(120, 125, 133); font-family: &quot;Open Sans&quot;, Helvetica, Arial, Verdana, sans-serif; font-size: 15px; font-style: normal; font-variant-ligatures: normal; font-variant-caps: normal; font-weight: 400; letter-spacing: normal; orphans: 2; text-align: start; text-indent: 0px; text-transform: none; widows: 2; word-spacing: 0px; -webkit-text-stroke-width: 0px; white-space: normal; background-color: rgb(255, 255, 255); text-decoration-thickness: initial; text-decoration-style: initial; text-decoration-color: initial;\"><\/p><\/p>\n\n\n\n<ul class=\"wp-block-list\">\n<li>Segmento I (10-menos de 50 empleados): 60 horas de parametrizaci\u00f3n.<\/li>\n\n\n\n<li>Segmentos II (3-menos de 10 empleados) y III (0-menos de 3 empleados): 45horas de parametrizaci\u00f3n<\/li>\n<\/ul>\n","protected":false},"excerpt":{"rendered":"<p>Funcionalidades y servicios del Plan B\u00e1sico. Contabilidad\/finanzas: cuentas por cobrar\/por pagar, gesti\u00f3n de activos y generaci\u00f3n de cierres y balances, etc. Facturaci\u00f3n: automatizaci\u00f3n de los procesos de facturaci\u00f3n con la generaci\u00f3n de presupuestos, albaranes y facturas. Proyectos: control de presupuestos, costes, estimaciones, optimizaci\u00f3n de los recursos, etc. Inventario: previsi\u00f3n, niveles de stock, env\u00edos, distribuciones, devoluciones &hellip;<\/p>\n<p class=\"read-more\"> <a class=\"\" href=\"https:\/\/grupoether.es\/kitdigital\/gestion-de-procesos\/\"> <span class=\"screen-reader-text\">Gesti\u00f3n de procesos<\/span> Leer m\u00e1s &raquo;<\/a><\/p>\n","protected":false},"author":1,"featured_media":0,"parent":0,"menu_order":0,"comment_status":"closed","ping_status":"closed","template":"","meta":{"footnotes":""},"class_list":["post-384","page","type-page","status-publish","hentry"],"_links":{"self":[{"href":"https:\/\/grupoether.es\/kitdigital\/wp-json\/wp\/v2\/pages\/384","targetHints":{"allow":["GET"]}}],"collection":[{"href":"https:\/\/grupoether.es\/kitdigital\/wp-json\/wp\/v2\/pages"}],"about":[{"href":"https:\/\/grupoether.es\/kitdigital\/wp-json\/wp\/v2\/types\/page"}],"author":[{"embeddable":true,"href":"https:\/\/grupoether.es\/kitdigital\/wp-json\/wp\/v2\/users\/1"}],"replies":[{"embeddable":true,"href":"https:\/\/grupoether.es\/kitdigital\/wp-json\/wp\/v2\/comments?post=384"}],"version-history":[{"count":1,"href":"https:\/\/grupoether.es\/kitdigital\/wp-json\/wp\/v2\/pages\/384\/revisions"}],"predecessor-version":[{"id":385,"href":"https:\/\/grupoether.es\/kitdigital\/wp-json\/wp\/v2\/pages\/384\/revisions\/385"}],"wp:attachment":[{"href":"https:\/\/grupoether.es\/kitdigital\/wp-json\/wp\/v2\/media?parent=384"}],"curies":[{"name":"wp","href":"https:\/\/api.w.org\/{rel}","templated":true}]}}