{"id":389,"date":"2025-02-11T07:36:02","date_gmt":"2025-02-11T07:36:02","guid":{"rendered":"https:\/\/grupoether.es\/kitdigital\/?page_id=389"},"modified":"2025-02-11T07:36:03","modified_gmt":"2025-02-11T07:36:03","slug":"comercio-electronico","status":"publish","type":"page","link":"https:\/\/grupoether.es\/kitdigital\/comercio-electronico\/","title":{"rendered":"Comercio electr\u00f3nico"},"content":{"rendered":"\n<p><h3 style=\"margin: 0px 0px 10px; padding: 0px; clear: both; color: rgb(59, 63, 74); font: 500 25px \/ 36px Roboto, Helvetica, Arial, Verdana, sans-serif; text-transform: none; letter-spacing: normal; orphans: 2; text-align: start; text-indent: 0px; widows: 2; word-spacing: 0px; -webkit-text-stroke-width: 0px; white-space: normal; background-color: rgb(255, 255, 255); text-decoration-thickness: initial; text-decoration-style: initial; text-decoration-color: initial;\">Funcionalidades y servicios del Plan B\u00e1sico<\/h3><ul style=\"margin: 0px 0px 0px 20px; padding: 0px; list-style: disc; color: rgb(120, 125, 133); font-family: &quot;Open Sans&quot;, Helvetica, Arial, Verdana, sans-serif; font-size: 15px; font-style: normal; font-variant-ligatures: normal; font-variant-caps: normal; font-weight: 400; letter-spacing: normal; orphans: 2; text-align: start; text-indent: 0px; text-transform: none; widows: 2; word-spacing: 0px; -webkit-text-stroke-width: 0px; white-space: normal; background-color: rgb(255, 255, 255); text-decoration-thickness: initial; text-decoration-style: initial; text-decoration-color: initial;\"><li style=\"margin: 0px; padding: 0px;\"><strong style=\"margin: 0px; padding: 0px; font-weight: 700;\">Creaci\u00f3n de e-commerce y alta del cat\u00e1logo de productos:\u00a0<\/strong>Creamos y lanzamos tu tienda online v\u00eda woocommerce, produciendo tu cat\u00e1logo mediante el alta, importaci\u00f3n o carga de los productos de la PYME beneficiada, hasta 100 productos; salvo de poseer un n\u00famero inferior de referencias.<\/li><li style=\"margin: 0px; padding: 0px;\"><strong style=\"margin: 0px; padding: 0px; font-weight: 700;\">Configuraci\u00f3n e integraci\u00f3n de los m\u00e9todos de pago\u00a0<\/strong><\/li><li style=\"margin: 0px; padding: 0px;\"><strong style=\"margin: 0px; padding: 0px; font-weight: 700;\">Configuraci\u00f3n de los m\u00e9todos de env\u00edo.\u00a0<\/strong><\/li><li style=\"margin: 0px; padding: 0px;\"><strong style=\"margin: 0px; padding: 0px; font-weight: 700;\">Dise\u00f1o responsive:<\/strong><span>\u00a0<\/span>La tienda online estar\u00e1 adaptada para ser funcional en todo tipo de dispositivos.<\/li><li style=\"margin: 0px; padding: 0px;\"><strong style=\"margin: 0px; padding: 0px; font-weight: 700;\">Accesibilidad<\/strong>: El dise\u00f1o de la tienda cumplir\u00e1 con los criterios de conformidad de nivel AA de las Pautas WCAG-2.1.<\/li><li style=\"margin: 0px; padding: 0px;\"><strong style=\"margin: 0px; padding: 0px; font-weight: 700;\">Posicionamiento SEO b\u00e1sico:<\/strong><span>\u00a0<\/span>La tienda online ser\u00e1 indexable en los principales motores de b\u00fasqueda. <\/li><li style=\"margin: 0px; padding: 0px;\"><strong style=\"margin: 0px; padding: 0px; font-weight: 700;\">Autogestionable:<\/strong><span>\u00a0<\/span>Se proveer\u00e1 al cliente de usuario y contrase\u00f1a del panel de su p\u00e1gina web de gesti\u00f3n de contenidos para su autonom\u00eda. Se le proporcionar\u00e1 un manual b\u00e1sico de uso y se le resolver\u00e1n todas las dudas o consultar v\u00eda telem\u00e1tica.<\/li><\/ul><\/p>\n","protected":false},"excerpt":{"rendered":"<p>Funcionalidades y servicios del Plan B\u00e1sico Creaci\u00f3n de e-commerce y alta del cat\u00e1logo de productos:\u00a0Creamos y lanzamos tu tienda online v\u00eda woocommerce, produciendo tu cat\u00e1logo mediante el alta, importaci\u00f3n o carga de los productos de la PYME beneficiada, hasta 100 productos; salvo de poseer un n\u00famero inferior de referencias. Configuraci\u00f3n e integraci\u00f3n de los m\u00e9todos &hellip;<\/p>\n<p class=\"read-more\"> <a class=\"\" href=\"https:\/\/grupoether.es\/kitdigital\/comercio-electronico\/\"> <span class=\"screen-reader-text\">Comercio electr\u00f3nico<\/span> Leer m\u00e1s &raquo;<\/a><\/p>\n","protected":false},"author":1,"featured_media":0,"parent":0,"menu_order":0,"comment_status":"closed","ping_status":"closed","template":"","meta":{"footnotes":""},"class_list":["post-389","page","type-page","status-publish","hentry"],"_links":{"self":[{"href":"https:\/\/grupoether.es\/kitdigital\/wp-json\/wp\/v2\/pages\/389","targetHints":{"allow":["GET"]}}],"collection":[{"href":"https:\/\/grupoether.es\/kitdigital\/wp-json\/wp\/v2\/pages"}],"about":[{"href":"https:\/\/grupoether.es\/kitdigital\/wp-json\/wp\/v2\/types\/page"}],"author":[{"embeddable":true,"href":"https:\/\/grupoether.es\/kitdigital\/wp-json\/wp\/v2\/users\/1"}],"replies":[{"embeddable":true,"href":"https:\/\/grupoether.es\/kitdigital\/wp-json\/wp\/v2\/comments?post=389"}],"version-history":[{"count":1,"href":"https:\/\/grupoether.es\/kitdigital\/wp-json\/wp\/v2\/pages\/389\/revisions"}],"predecessor-version":[{"id":390,"href":"https:\/\/grupoether.es\/kitdigital\/wp-json\/wp\/v2\/pages\/389\/revisions\/390"}],"wp:attachment":[{"href":"https:\/\/grupoether.es\/kitdigital\/wp-json\/wp\/v2\/media?parent=389"}],"curies":[{"name":"wp","href":"https:\/\/api.w.org\/{rel}","templated":true}]}}