{"id":394,"date":"2025-02-11T07:39:28","date_gmt":"2025-02-11T07:39:28","guid":{"rendered":"https:\/\/grupoether.es\/kitdigital\/?page_id=394"},"modified":"2025-02-11T07:39:29","modified_gmt":"2025-02-11T07:39:29","slug":"business-intelligence-y-analitica","status":"publish","type":"page","link":"https:\/\/grupoether.es\/kitdigital\/business-intelligence-y-analitica\/","title":{"rendered":"Business Intelligence y Anal\u00edtica"},"content":{"rendered":"\n<p><h3 style=\"margin: 0px 0px 10px; padding: 0px; clear: both; color: rgb(59, 63, 74); font: 500 25px \/ 36px Roboto, Helvetica, Arial, Verdana, sans-serif; text-transform: none; letter-spacing: normal; orphans: 2; text-align: start; text-indent: 0px; widows: 2; word-spacing: 0px; -webkit-text-stroke-width: 0px; white-space: normal; background-color: rgb(255, 255, 255); text-decoration-thickness: initial; text-decoration-style: initial; text-decoration-color: initial;\">Funcionalidades y servicios del Plan B\u00e1sico<\/h3><ul style=\"margin: 0px 0px 10px 20px; padding: 0px; list-style: disc; color: rgb(120, 125, 133); font-family: &quot;Open Sans&quot;, Helvetica, Arial, Verdana, sans-serif; font-size: 15px; font-style: normal; font-variant-ligatures: normal; font-variant-caps: normal; font-weight: 400; letter-spacing: normal; orphans: 2; text-align: start; text-indent: 0px; text-transform: none; widows: 2; word-spacing: 0px; -webkit-text-stroke-width: 0px; white-space: normal; background-color: rgb(255, 255, 255); text-decoration-thickness: initial; text-decoration-style: initial; text-decoration-color: initial;\"><li style=\"margin: 0px; padding: 0px;\"><strong style=\"margin: 0px; padding: 0px; font-weight: 700;\">Despliegue y configuraci\u00f3n de la infraestructura adoptada.<\/strong><\/li><li style=\"margin: 0px; padding: 0px;\"><b style=\"margin: 0px; padding: 0px; font-weight: 700;\">Carga, almacenamiento, transformaci\u00f3n y modelado desde los or\u00edgenes de los clientes.\u00a0<\/b><\/li><li style=\"margin: 0px; padding: 0px;\"><strong style=\"margin: 0px; padding: 0px; font-weight: 700;\">Exportaci\u00f3n de datos:<\/strong><span>\u00a0<\/span>la soluci\u00f3n permitir\u00e1 exportaci\u00f3n de datos a im\u00e1genes o a documentos de Excel.<\/li><li style=\"margin: 0px; padding: 0px;\"><strong style=\"margin: 0px; padding: 0px; font-weight: 700;\">Dise\u00f1o de informe\/s con los indicadores a convenir<\/strong><span>\u00a0<\/span>(KPIs).<\/li><li style=\"margin: 0px; padding: 0px;\"><strong style=\"margin: 0px; padding: 0px; font-weight: 700;\">Programaci\u00f3n de actualizaci\u00f3n de informaci\u00f3n en las tecnolog\u00edas adoptadas.<\/strong><\/li><li style=\"margin: 0px; padding: 0px;\"><strong style=\"margin: 0px; padding: 0px; font-weight: 700;\">Formaci\u00f3n<\/strong>: A la finalizaci\u00f3n del proyecto, se realizar\u00e1 una formaci\u00f3n de la herramienta, infraestructura utilizada y de los informes realizados.<\/li><\/ul><p style=\"margin: 0px 0px 10px; padding: 0px; color: rgb(120, 125, 133); font-family: &quot;Open Sans&quot;, Helvetica, Arial, Verdana, sans-serif; font-size: 15px; font-style: normal; font-variant-ligatures: normal; font-variant-caps: normal; font-weight: 400; letter-spacing: normal; orphans: 2; text-align: start; text-indent: 0px; text-transform: none; widows: 2; word-spacing: 0px; -webkit-text-stroke-width: 0px; white-space: normal; background-color: rgb(255, 255, 255); text-decoration-thickness: initial; text-decoration-style: initial; text-decoration-color: initial;\">\u00a0<\/p><p style=\"margin: 0px 0px 10px; padding: 0px; color: rgb(120, 125, 133); font-family: &quot;Open Sans&quot;, Helvetica, Arial, Verdana, sans-serif; font-size: 15px; font-style: normal; font-variant-ligatures: normal; font-variant-caps: normal; font-weight: 400; letter-spacing: normal; orphans: 2; text-align: start; text-indent: 0px; text-transform: none; widows: 2; word-spacing: 0px; -webkit-text-stroke-width: 0px; white-space: normal; background-color: rgb(255, 255, 255); text-decoration-thickness: initial; text-decoration-style: initial; text-decoration-color: initial;\">Esta soluci\u00f3n incluye un n\u00famero de horas de parametrizaci\u00f3n para la definici\u00f3n de las particularidades de los procesos de comercializaci\u00f3n, as\u00ed como para la carga de datos, que se determinan de la siguiente manera:<\/p><p style=\"margin: 0px; padding: 0px; color: rgb(120, 125, 133); font-family: &quot;Open Sans&quot;, Helvetica, Arial, Verdana, sans-serif; font-size: 15px; font-style: normal; font-variant-ligatures: normal; font-variant-caps: normal; font-weight: 400; letter-spacing: normal; orphans: 2; text-align: start; text-indent: 0px; text-transform: none; widows: 2; word-spacing: 0px; -webkit-text-stroke-width: 0px; white-space: normal; background-color: rgb(255, 255, 255); text-decoration-thickness: initial; text-decoration-style: initial; text-decoration-color: initial;\"><\/p><\/p>\n\n\n\n<ul class=\"wp-block-list\">\n<li>Segmento I (10 \u2013 menos de 50 empleados): 70 horas de parametrizaci\u00f3n<\/li>\n\n\n\n<li>Segmento II (3 \u2013 menos de 10 empleados): 40 horas de parametrizaci\u00f3n<\/li>\n\n\n\n<li>Segmento III: 0 \u2013 menos de 3 empleados): 30 horas de parametrizaci\u00f3n<\/li>\n<\/ul>\n","protected":false},"excerpt":{"rendered":"<p>Funcionalidades y servicios del Plan B\u00e1sico Despliegue y configuraci\u00f3n de la infraestructura adoptada. Carga, almacenamiento, transformaci\u00f3n y modelado desde los or\u00edgenes de los clientes.\u00a0 Exportaci\u00f3n de datos:\u00a0la soluci\u00f3n permitir\u00e1 exportaci\u00f3n de datos a im\u00e1genes o a documentos de Excel. Dise\u00f1o de informe\/s con los indicadores a convenir\u00a0(KPIs). Programaci\u00f3n de actualizaci\u00f3n de informaci\u00f3n en las tecnolog\u00edas &hellip;<\/p>\n<p class=\"read-more\"> <a class=\"\" href=\"https:\/\/grupoether.es\/kitdigital\/business-intelligence-y-analitica\/\"> <span class=\"screen-reader-text\">Business Intelligence y Anal\u00edtica<\/span> Leer m\u00e1s &raquo;<\/a><\/p>\n","protected":false},"author":1,"featured_media":0,"parent":0,"menu_order":0,"comment_status":"closed","ping_status":"closed","template":"","meta":{"footnotes":""},"class_list":["post-394","page","type-page","status-publish","hentry"],"_links":{"self":[{"href":"https:\/\/grupoether.es\/kitdigital\/wp-json\/wp\/v2\/pages\/394","targetHints":{"allow":["GET"]}}],"collection":[{"href":"https:\/\/grupoether.es\/kitdigital\/wp-json\/wp\/v2\/pages"}],"about":[{"href":"https:\/\/grupoether.es\/kitdigital\/wp-json\/wp\/v2\/types\/page"}],"author":[{"embeddable":true,"href":"https:\/\/grupoether.es\/kitdigital\/wp-json\/wp\/v2\/users\/1"}],"replies":[{"embeddable":true,"href":"https:\/\/grupoether.es\/kitdigital\/wp-json\/wp\/v2\/comments?post=394"}],"version-history":[{"count":1,"href":"https:\/\/grupoether.es\/kitdigital\/wp-json\/wp\/v2\/pages\/394\/revisions"}],"predecessor-version":[{"id":395,"href":"https:\/\/grupoether.es\/kitdigital\/wp-json\/wp\/v2\/pages\/394\/revisions\/395"}],"wp:attachment":[{"href":"https:\/\/grupoether.es\/kitdigital\/wp-json\/wp\/v2\/media?parent=394"}],"curies":[{"name":"wp","href":"https:\/\/api.w.org\/{rel}","templated":true}]}}