{"id":399,"date":"2025-02-11T07:41:15","date_gmt":"2025-02-11T07:41:15","guid":{"rendered":"https:\/\/grupoether.es\/kitdigital\/?page_id=399"},"modified":"2025-02-11T07:41:15","modified_gmt":"2025-02-11T07:41:15","slug":"gestion-de-redes-sociales","status":"publish","type":"page","link":"https:\/\/grupoether.es\/kitdigital\/gestion-de-redes-sociales\/","title":{"rendered":"Gesti\u00f3n de redes sociales"},"content":{"rendered":"\n<p><h3 style=\"margin: 0px 0px 10px; padding: 0px; clear: both; color: rgb(59, 63, 74); font: 500 25px \/ 36px Roboto, Helvetica, Arial, Verdana, sans-serif; text-transform: none; letter-spacing: normal; orphans: 2; text-align: start; text-indent: 0px; widows: 2; word-spacing: 0px; -webkit-text-stroke-width: 0px; white-space: normal; background-color: rgb(255, 255, 255); text-decoration-thickness: initial; text-decoration-style: initial; text-decoration-color: initial;\">Funcionalidades y servicios del Plan B\u00e1sico<\/h3><ul style=\"margin: 0px 0px 0px 20px; padding: 0px; list-style: disc; color: rgb(120, 125, 133); font-family: &quot;Open Sans&quot;, Helvetica, Arial, Verdana, sans-serif; font-size: 15px; font-style: normal; font-variant-ligatures: normal; font-variant-caps: normal; font-weight: 400; letter-spacing: normal; orphans: 2; text-align: start; text-indent: 0px; text-transform: none; widows: 2; word-spacing: 0px; -webkit-text-stroke-width: 0px; white-space: normal; background-color: rgb(255, 255, 255); text-decoration-thickness: initial; text-decoration-style: initial; text-decoration-color: initial;\"><li style=\"margin: 0px; padding: 0px;\"><strong style=\"margin: 0px; padding: 0px; font-weight: 700;\">Social Media Plan:<\/strong><span>\u00a0<\/span>Elaboraci\u00f3n de estrategia de redes sociales totalmente adaptada a la misi\u00f3n, valores y visi\u00f3n de empresa, de manera que \u00e9sta potencie su visibilidad y relevancia digital.<\/li><li style=\"margin: 0px; padding: 0px;\"><strong style=\"margin: 0px; padding: 0px; font-weight: 700;\">Monitorizaci\u00f3n:<\/strong><span>\u00a0<\/span>Control peri\u00f3dico de los resultados de las acciones de Social Media para evaluar el impacto.<\/li><li style=\"margin: 0px; padding: 0px;\"><strong style=\"margin: 0px; padding: 0px; font-weight: 700;\">Optimizaci\u00f3n de la red\/Auditor\u00eda Social Media:<\/strong><span>\u00a0<\/span>An\u00e1lisis del rendimiento de los distintos canales de acci\u00f3n.<\/li><li style=\"margin: 0px; padding: 0px;\"><strong style=\"margin: 0px; padding: 0px; font-weight: 700;\">Gesti\u00f3n de una red social:<\/strong><span>\u00a0<\/span>Administraci\u00f3n de un perfil de usuario de la PYME en la red social que escoja.<\/li><li style=\"margin: 0px; padding: 0px;\"><strong style=\"margin: 0px; padding: 0px; font-weight: 700;\">Publicaci\u00f3n de contenido:<\/strong><span>\u00a0<\/span>Publicaci\u00f3n de 3 posts\/entradas semanales durante 12 meses.<\/li><\/ul><\/p>\n","protected":false},"excerpt":{"rendered":"<p>Funcionalidades y servicios del Plan B\u00e1sico Social Media Plan:\u00a0Elaboraci\u00f3n de estrategia de redes sociales totalmente adaptada a la misi\u00f3n, valores y visi\u00f3n de empresa, de manera que \u00e9sta potencie su visibilidad y relevancia digital. Monitorizaci\u00f3n:\u00a0Control peri\u00f3dico de los resultados de las acciones de Social Media para evaluar el impacto. Optimizaci\u00f3n de la red\/Auditor\u00eda Social Media:\u00a0An\u00e1lisis &hellip;<\/p>\n<p class=\"read-more\"> <a class=\"\" href=\"https:\/\/grupoether.es\/kitdigital\/gestion-de-redes-sociales\/\"> <span class=\"screen-reader-text\">Gesti\u00f3n de redes sociales<\/span> Leer m\u00e1s &raquo;<\/a><\/p>\n","protected":false},"author":1,"featured_media":0,"parent":0,"menu_order":0,"comment_status":"closed","ping_status":"closed","template":"","meta":{"footnotes":""},"class_list":["post-399","page","type-page","status-publish","hentry"],"_links":{"self":[{"href":"https:\/\/grupoether.es\/kitdigital\/wp-json\/wp\/v2\/pages\/399","targetHints":{"allow":["GET"]}}],"collection":[{"href":"https:\/\/grupoether.es\/kitdigital\/wp-json\/wp\/v2\/pages"}],"about":[{"href":"https:\/\/grupoether.es\/kitdigital\/wp-json\/wp\/v2\/types\/page"}],"author":[{"embeddable":true,"href":"https:\/\/grupoether.es\/kitdigital\/wp-json\/wp\/v2\/users\/1"}],"replies":[{"embeddable":true,"href":"https:\/\/grupoether.es\/kitdigital\/wp-json\/wp\/v2\/comments?post=399"}],"version-history":[{"count":1,"href":"https:\/\/grupoether.es\/kitdigital\/wp-json\/wp\/v2\/pages\/399\/revisions"}],"predecessor-version":[{"id":400,"href":"https:\/\/grupoether.es\/kitdigital\/wp-json\/wp\/v2\/pages\/399\/revisions\/400"}],"wp:attachment":[{"href":"https:\/\/grupoether.es\/kitdigital\/wp-json\/wp\/v2\/media?parent=399"}],"curies":[{"name":"wp","href":"https:\/\/api.w.org\/{rel}","templated":true}]}}