{"id":409,"date":"2025-02-11T07:57:18","date_gmt":"2025-02-11T07:57:18","guid":{"rendered":"https:\/\/grupoether.es\/kitdigital\/?page_id=409"},"modified":"2025-02-11T07:57:18","modified_gmt":"2025-02-11T07:57:18","slug":"gestion-de-clientes","status":"publish","type":"page","link":"https:\/\/grupoether.es\/kitdigital\/gestion-de-clientes\/","title":{"rendered":"Gesti\u00f3n de clientes"},"content":{"rendered":"\n<p>Soluci\u00f3n de Gesti\u00f3n y optimizaci\u00f3n de las relaciones con clientes y clientes potenciales (leads).<\/p>\n\n\n\n<ul class=\"wp-block-list\">\n<li>Pack de 1 usuario<\/li>\n\n\n\n<li>Pack de 3 usuarios<\/li>\n\n\n\n<li>Plan a Medida. Si necesitan un Plan de Gesti\u00f3n de Clientes a medida, ofrecemos presupuestos personalizados del que podr\u00e1s descontar hasta 4000\u20ac (en funci\u00f3n al n\u00famero de empleados del beneficiarios de la ayuda) subvencionados por el Kit Digital.<\/li>\n<\/ul>\n","protected":false},"excerpt":{"rendered":"<p>Soluci\u00f3n de Gesti\u00f3n y optimizaci\u00f3n de las relaciones con clientes y clientes potenciales (leads).<\/p>\n","protected":false},"author":1,"featured_media":0,"parent":0,"menu_order":0,"comment_status":"closed","ping_status":"closed","template":"","meta":{"footnotes":""},"class_list":["post-409","page","type-page","status-publish","hentry"],"_links":{"self":[{"href":"https:\/\/grupoether.es\/kitdigital\/wp-json\/wp\/v2\/pages\/409","targetHints":{"allow":["GET"]}}],"collection":[{"href":"https:\/\/grupoether.es\/kitdigital\/wp-json\/wp\/v2\/pages"}],"about":[{"href":"https:\/\/grupoether.es\/kitdigital\/wp-json\/wp\/v2\/types\/page"}],"author":[{"embeddable":true,"href":"https:\/\/grupoether.es\/kitdigital\/wp-json\/wp\/v2\/users\/1"}],"replies":[{"embeddable":true,"href":"https:\/\/grupoether.es\/kitdigital\/wp-json\/wp\/v2\/comments?post=409"}],"version-history":[{"count":1,"href":"https:\/\/grupoether.es\/kitdigital\/wp-json\/wp\/v2\/pages\/409\/revisions"}],"predecessor-version":[{"id":410,"href":"https:\/\/grupoether.es\/kitdigital\/wp-json\/wp\/v2\/pages\/409\/revisions\/410"}],"wp:attachment":[{"href":"https:\/\/grupoether.es\/kitdigital\/wp-json\/wp\/v2\/media?parent=409"}],"curies":[{"name":"wp","href":"https:\/\/api.w.org\/{rel}","templated":true}]}}