{"id":414,"date":"2025-02-11T08:35:30","date_gmt":"2025-02-11T08:35:30","guid":{"rendered":"https:\/\/grupoether.es\/kitdigital\/?page_id=414"},"modified":"2025-02-11T08:36:34","modified_gmt":"2025-02-11T08:36:34","slug":"sitio-web-y-posicionamiento-basico-en-internet","status":"publish","type":"page","link":"https:\/\/grupoether.es\/kitdigital\/sitio-web-y-posicionamiento-basico-en-internet\/","title":{"rendered":"Sitio web y posicionamiento b\u00e1sico en internet"},"content":{"rendered":"\n<p><h3 style=\"margin: 0px 0px 10px; padding: 0px; clear: both; color: rgb(59, 63, 74); font: 500 25px \/ 36px Roboto, Helvetica, Arial, Verdana, sans-serif; text-transform: none; letter-spacing: normal; orphans: 2; text-align: start; text-indent: 0px; widows: 2; word-spacing: 0px; -webkit-text-stroke-width: 0px; white-space: normal; background-color: rgb(255, 255, 255); text-decoration-thickness: initial; text-decoration-style: initial; text-decoration-color: initial;\">Funcionalidades y servicios del Plan B\u00e1sico<\/h3><ul style=\"margin: 0px 0px 0px 20px; padding: 0px; list-style: disc; color: rgb(120, 125, 133); font-family: &quot;Open Sans&quot;, Helvetica, Arial, Verdana, sans-serif; font-size: 15px; font-style: normal; font-variant-ligatures: normal; font-variant-caps: normal; font-weight: 400; letter-spacing: normal; orphans: 2; text-align: start; text-indent: 0px; text-transform: none; widows: 2; word-spacing: 0px; -webkit-text-stroke-width: 0px; white-space: normal; background-color: rgb(255, 255, 255); text-decoration-thickness: initial; text-decoration-style: initial; text-decoration-color: initial;\"><li style=\"margin: 0px; padding: 0px;\"><strong style=\"margin: 0px; padding: 0px; font-weight: 700;\">Dominio<\/strong>: Alta de nuevo dominio durante un plazo de 12 meses, cuya titularidad quedar\u00e1 exclusivamente en manos del cliente.<\/li><li style=\"margin: 0px; padding: 0px;\"><strong style=\"margin: 0px; padding: 0px; font-weight: 700;\">Hosting:<\/strong><span>\u00a0<\/span>Alojamiento de la p\u00e1gina web desarrolladas durante 12 meses.<\/li><li style=\"margin: 0px; padding: 0px;\"><strong style=\"margin: 0px; padding: 0px; font-weight: 700;\">Dise\u00f1o de la p\u00e1gina web:<\/strong><span>\u00a0<\/span>Estructura web en WordPress con dise\u00f1o personalizado.<\/li><li style=\"margin: 0px; padding: 0px;\"><strong style=\"margin: 0px; padding: 0px; font-weight: 700;\">Web Responsive:<\/strong><span>\u00a0<\/span>La p\u00e1gina web creada estar\u00e1 adaptada para ser funcional en todo tipo de dispositivos<\/li><li style=\"margin: 0px; padding: 0px;\"><strong style=\"margin: 0px; padding: 0px; font-weight: 700;\">Accesibilidad<\/strong>: El dise\u00f1o cumplir\u00e1 con los criterios de conformidad de nivel AA de las Pautas WCAG-2.1<\/li><li style=\"margin: 0px; padding: 0px;\"><strong style=\"margin: 0px; padding: 0px; font-weight: 700;\">Autogestionable<\/strong>: Se proveer\u00e1, junto con la p\u00e1gina web, de una plataforma de gesti\u00f3n de contenidos para la autonom\u00eda del cliente y se le dar\u00e1 tanto asistencia telem\u00e1tica para dudas y consultas como un manual de uso b\u00e1sico.<\/li><li style=\"margin: 0px; padding: 0px;\"><strong style=\"margin: 0px; padding: 0px; font-weight: 700;\">Posicionamiento b\u00e1sico SEO y presencia online:<\/strong><span>\u00a0<\/span>Se entregar\u00e1 una web indexable en los principales motores de b\u00fasqueda. La web ser\u00e1 dada de alta en los servicios de Google \u201cSearch Console\u201d y \u201cGoogle My Business\u201d en caso de que tengan ficha. Incluye SEO On-Page de 2 p\u00e1ginas o categor\u00edas y KeyWord Research.<\/li><\/ul><\/p>\n","protected":false},"excerpt":{"rendered":"<p>Funcionalidades y servicios del Plan B\u00e1sico Dominio: Alta de nuevo dominio durante un plazo de 12 meses, cuya titularidad quedar\u00e1 exclusivamente en manos del cliente. Hosting:\u00a0Alojamiento de la p\u00e1gina web desarrolladas durante 12 meses. Dise\u00f1o de la p\u00e1gina web:\u00a0Estructura web en WordPress con dise\u00f1o personalizado. Web Responsive:\u00a0La p\u00e1gina web creada estar\u00e1 adaptada para ser funcional &hellip;<\/p>\n<p class=\"read-more\"> <a class=\"\" href=\"https:\/\/grupoether.es\/kitdigital\/sitio-web-y-posicionamiento-basico-en-internet\/\"> <span class=\"screen-reader-text\">Sitio web y posicionamiento b\u00e1sico en internet<\/span> Leer m\u00e1s &raquo;<\/a><\/p>\n","protected":false},"author":1,"featured_media":0,"parent":0,"menu_order":0,"comment_status":"closed","ping_status":"closed","template":"","meta":{"footnotes":""},"class_list":["post-414","page","type-page","status-publish","hentry"],"_links":{"self":[{"href":"https:\/\/grupoether.es\/kitdigital\/wp-json\/wp\/v2\/pages\/414","targetHints":{"allow":["GET"]}}],"collection":[{"href":"https:\/\/grupoether.es\/kitdigital\/wp-json\/wp\/v2\/pages"}],"about":[{"href":"https:\/\/grupoether.es\/kitdigital\/wp-json\/wp\/v2\/types\/page"}],"author":[{"embeddable":true,"href":"https:\/\/grupoether.es\/kitdigital\/wp-json\/wp\/v2\/users\/1"}],"replies":[{"embeddable":true,"href":"https:\/\/grupoether.es\/kitdigital\/wp-json\/wp\/v2\/comments?post=414"}],"version-history":[{"count":1,"href":"https:\/\/grupoether.es\/kitdigital\/wp-json\/wp\/v2\/pages\/414\/revisions"}],"predecessor-version":[{"id":415,"href":"https:\/\/grupoether.es\/kitdigital\/wp-json\/wp\/v2\/pages\/414\/revisions\/415"}],"wp:attachment":[{"href":"https:\/\/grupoether.es\/kitdigital\/wp-json\/wp\/v2\/media?parent=414"}],"curies":[{"name":"wp","href":"https:\/\/api.w.org\/{rel}","templated":true}]}}