{"id":419,"date":"2025-02-11T08:37:24","date_gmt":"2025-02-11T08:37:24","guid":{"rendered":"https:\/\/grupoether.es\/kitdigital\/?page_id=419"},"modified":"2025-02-11T08:37:30","modified_gmt":"2025-02-11T08:37:30","slug":"servicios-y-herramientas-de-oficina-virtual","status":"publish","type":"page","link":"https:\/\/grupoether.es\/kitdigital\/servicios-y-herramientas-de-oficina-virtual\/","title":{"rendered":"Servicios y Herramientas de Oficina Virtual"},"content":{"rendered":"\n<p><h3 style=\"margin: 0px 0px 10px; padding: 0px; clear: both; color: rgb(59, 63, 74); font: 500 25px \/ 36px Roboto, Helvetica, Arial, Verdana, sans-serif; text-transform: none; letter-spacing: normal; orphans: 2; text-align: start; text-indent: 0px; widows: 2; word-spacing: 0px; -webkit-text-stroke-width: 0px; white-space: normal; background-color: rgb(255, 255, 255); text-decoration-thickness: initial; text-decoration-style: initial; text-decoration-color: initial;\">Funcionalidades y servicios del Plan B\u00e1sico<\/h3><ul style=\"margin: 0px 0px 10px 20px; padding: 0px; list-style: disc; color: rgb(120, 125, 133); font-family: &quot;Open Sans&quot;, Helvetica, Arial, Verdana, sans-serif; font-size: 15px; font-style: normal; font-variant-ligatures: normal; font-variant-caps: normal; font-weight: 400; letter-spacing: normal; orphans: 2; text-align: start; text-indent: 0px; text-transform: none; widows: 2; word-spacing: 0px; -webkit-text-stroke-width: 0px; white-space: normal; background-color: rgb(255, 255, 255); text-decoration-thickness: initial; text-decoration-style: initial; text-decoration-color: initial;\"><li style=\"margin: 0px; padding: 0px;\"><strong style=\"margin: 0px; padding: 0px; font-weight: 700;\">Correo electr\u00f3nico\u00a0corporativo en Outlook<\/strong><span>\u00a0<\/span>(Calendario y Agenda)<\/li><li style=\"margin: 0px; padding: 0px;\"><strong style=\"margin: 0px; padding: 0px; font-weight: 700;\">Almacenamiento de 1TB en OneDrive<\/strong><\/li><li style=\"margin: 0px; padding: 0px;\"><strong style=\"margin: 0px; padding: 0px; font-weight: 700;\">Aplicaciones Ofim\u00e1ticas<\/strong><span>\u00a0<\/span>(Microsoft Word, Excel, PowerPoint\u2026)<\/li><li style=\"margin: 0px; padding: 0px;\"><strong style=\"margin: 0px; padding: 0px; font-weight: 700;\">Colaboraci\u00f3n de forma simult\u00e1nea con otras personas en el mismo documento y en tiempo real<\/strong><\/li><li style=\"margin: 0px; padding: 0px;\"><strong style=\"margin: 0px; padding: 0px; font-weight: 700;\">Aplicaci\u00f3n de Microsoft Teams<\/strong>: mensajer\u00eda, llamadas de voz, videollamadas y dosponibilidad en una \u00fanica aplicaci\u00f3n.<\/li><li style=\"margin: 0px; padding: 0px;\"><strong style=\"margin: 0px; padding: 0px; font-weight: 700;\">SharePoint<\/strong><\/li><\/ul><\/p>\n","protected":false},"excerpt":{"rendered":"<p>Funcionalidades y servicios del Plan B\u00e1sico Correo electr\u00f3nico\u00a0corporativo en Outlook\u00a0(Calendario y Agenda) Almacenamiento de 1TB en OneDrive Aplicaciones Ofim\u00e1ticas\u00a0(Microsoft Word, Excel, PowerPoint\u2026) Colaboraci\u00f3n de forma simult\u00e1nea con otras personas en el mismo documento y en tiempo real Aplicaci\u00f3n de Microsoft Teams: mensajer\u00eda, llamadas de voz, videollamadas y dosponibilidad en una \u00fanica aplicaci\u00f3n. SharePoint<\/p>\n","protected":false},"author":1,"featured_media":0,"parent":0,"menu_order":0,"comment_status":"closed","ping_status":"closed","template":"","meta":{"footnotes":""},"class_list":["post-419","page","type-page","status-publish","hentry"],"_links":{"self":[{"href":"https:\/\/grupoether.es\/kitdigital\/wp-json\/wp\/v2\/pages\/419","targetHints":{"allow":["GET"]}}],"collection":[{"href":"https:\/\/grupoether.es\/kitdigital\/wp-json\/wp\/v2\/pages"}],"about":[{"href":"https:\/\/grupoether.es\/kitdigital\/wp-json\/wp\/v2\/types\/page"}],"author":[{"embeddable":true,"href":"https:\/\/grupoether.es\/kitdigital\/wp-json\/wp\/v2\/users\/1"}],"replies":[{"embeddable":true,"href":"https:\/\/grupoether.es\/kitdigital\/wp-json\/wp\/v2\/comments?post=419"}],"version-history":[{"count":1,"href":"https:\/\/grupoether.es\/kitdigital\/wp-json\/wp\/v2\/pages\/419\/revisions"}],"predecessor-version":[{"id":420,"href":"https:\/\/grupoether.es\/kitdigital\/wp-json\/wp\/v2\/pages\/419\/revisions\/420"}],"wp:attachment":[{"href":"https:\/\/grupoether.es\/kitdigital\/wp-json\/wp\/v2\/media?parent=419"}],"curies":[{"name":"wp","href":"https:\/\/api.w.org\/{rel}","templated":true}]}}