{"id":424,"date":"2025-02-11T08:43:00","date_gmt":"2025-02-11T08:43:00","guid":{"rendered":"https:\/\/grupoether.es\/kitdigital\/?page_id=424"},"modified":"2025-02-11T08:43:15","modified_gmt":"2025-02-11T08:43:15","slug":"marketplace","status":"publish","type":"page","link":"https:\/\/grupoether.es\/kitdigital\/marketplace\/","title":{"rendered":"Marketplace"},"content":{"rendered":"\n<p><h3 class=\"kt-adv-heading7934_444e00-18 wp-block-kadence-advancedheading\" data-kb-block=\"kb-adv-heading7934_444e00-18\" style=\"box-sizing: inherit; margin-top: 0px; margin-right: 0px; margin-bottom: var(--global-kb-spacing-md, 2rem); margin-left: 0px; padding: 0px; border: 0px; font-family: &quot;Noto Sans&quot;, sans-serif; font-size: 19px; font-style: normal; font-weight: 700; line-height: 1.3; text-transform: none; color: var(--contrast); font-variant-ligatures: normal; font-variant-caps: normal; letter-spacing: normal; orphans: 2; text-align: start; text-indent: 0px; widows: 2; word-spacing: 0px; -webkit-text-stroke-width: 0px; white-space: normal; background-color: rgb(255, 255, 255); text-decoration-thickness: initial; text-decoration-style: initial; text-decoration-color: initial;\"><strong style=\"box-sizing: inherit; font-weight: 700;\">SERVICIOS Y FUNCIONALIDADES<\/strong>:<\/h3><ul class=\"wp-block-list\" style=\"box-sizing: border-box; margin: 0px 0px 1.5em 3em; padding: 0px; border: 0px; list-style: disc; color: rgb(46, 47, 49); font-family: &quot;Noto Sans&quot;, sans-serif; font-size: 19px; font-style: normal; font-variant-ligatures: normal; font-variant-caps: normal; font-weight: 400; letter-spacing: normal; orphans: 2; text-align: start; text-indent: 0px; text-transform: none; widows: 2; word-spacing: 0px; -webkit-text-stroke-width: 0px; white-space: normal; background-color: rgb(255, 255, 255); text-decoration-thickness: initial; text-decoration-style: initial; text-decoration-color: initial;\"><li style=\"box-sizing: inherit; margin: 0px; padding: 0px; border: 0px;\"><strong style=\"box-sizing: inherit; font-weight: 700;\">Estudio previo de alternativas y alta en la plataforma:<\/strong>\u00a0la soluci\u00f3n incluye la apertura de cuenta y alta de tu perfil, por tu cuenta, en, al menos, una plataforma de Marketplace y en, al menos, un pa\u00eds.<\/li><li style=\"box-sizing: inherit; margin: 0px; padding: 0px; border: 0px;\"><strong style=\"box-sizing: inherit; font-weight: 700;\">An\u00e1lisis de la competencia:\u00a0<\/strong>la soluci\u00f3n incluye la realizaci\u00f3n de una investigaci\u00f3n de mercado focalizada en las caracter\u00edsticas de tus competidores para mejorar tu proceso de toma de decisiones y ayudarte a alcanzar una posici\u00f3n competitiva.<\/li><li style=\"box-sizing: inherit; margin: 0px; padding: 0px; border: 0px;\"><strong style=\"box-sizing: inherit; font-weight: 700;\">Dise\u00f1o y definici\u00f3n de la estrategia de negocio:\u00a0<\/strong>la soluci\u00f3n incluye la generaci\u00f3n de la estrategia de negocio para lograr la consecuci\u00f3n de los objetivos deseados orientando los recursos disponibles hacia dicha finalidad.<\/li><li style=\"box-sizing: inherit; margin: 0px; padding: 0px; border: 0px;\"><strong style=\"box-sizing: inherit; font-weight: 700;\">Producci\u00f3n del cat\u00e1logo de referencias:\u00a0<\/strong>an\u00e1lisis de las categor\u00edas a comercializar para seleccionar, al menos, diez productos alineados con la estrategia de negocio, salvo que no dispongas de este n\u00famero, en\u00a0cuyo caso podr\u00e1 ser menor.<\/li><li style=\"box-sizing: inherit; margin: 0px; padding: 0px; border: 0px;\"><strong style=\"box-sizing: inherit; font-weight: 700;\">Creaci\u00f3n del contenido del listing:<\/strong>\u00a0definici\u00f3n de, al menos, diez descripciones del cat\u00e1logo de referencias, salvo que no dispongas de este n\u00famero, en cuyo caso podr\u00e1 ser menor.<\/li><li style=\"box-sizing: inherit; margin: 0px; padding: 0px; border: 0px;\"><strong style=\"box-sizing: inherit; font-weight: 700;\">Alta de referencias:\u00a0<\/strong>carga de, al menos, diez referencias, y sus respectivas descripciones y fotograf\u00edas, en la plataforma, salvo que no dispongas de este n\u00famero, en cuyo caso podr\u00e1 ser menor, acompa\u00f1ada por la descripci\u00f3n y fotograf\u00eda individual de cada producto.<\/li><\/ul><\/p>\n","protected":false},"excerpt":{"rendered":"<p>SERVICIOS Y FUNCIONALIDADES: Estudio previo de alternativas y alta en la plataforma:\u00a0la soluci\u00f3n incluye la apertura de cuenta y alta de tu perfil, por tu cuenta, en, al menos, una plataforma de Marketplace y en, al menos, un pa\u00eds. An\u00e1lisis de la competencia:\u00a0la soluci\u00f3n incluye la realizaci\u00f3n de una investigaci\u00f3n de mercado focalizada en las &hellip;<\/p>\n<p class=\"read-more\"> <a class=\"\" href=\"https:\/\/grupoether.es\/kitdigital\/marketplace\/\"> <span class=\"screen-reader-text\">Marketplace<\/span> Leer m\u00e1s &raquo;<\/a><\/p>\n","protected":false},"author":1,"featured_media":0,"parent":0,"menu_order":0,"comment_status":"closed","ping_status":"closed","template":"","meta":{"footnotes":""},"class_list":["post-424","page","type-page","status-publish","hentry"],"_links":{"self":[{"href":"https:\/\/grupoether.es\/kitdigital\/wp-json\/wp\/v2\/pages\/424","targetHints":{"allow":["GET"]}}],"collection":[{"href":"https:\/\/grupoether.es\/kitdigital\/wp-json\/wp\/v2\/pages"}],"about":[{"href":"https:\/\/grupoether.es\/kitdigital\/wp-json\/wp\/v2\/types\/page"}],"author":[{"embeddable":true,"href":"https:\/\/grupoether.es\/kitdigital\/wp-json\/wp\/v2\/users\/1"}],"replies":[{"embeddable":true,"href":"https:\/\/grupoether.es\/kitdigital\/wp-json\/wp\/v2\/comments?post=424"}],"version-history":[{"count":1,"href":"https:\/\/grupoether.es\/kitdigital\/wp-json\/wp\/v2\/pages\/424\/revisions"}],"predecessor-version":[{"id":425,"href":"https:\/\/grupoether.es\/kitdigital\/wp-json\/wp\/v2\/pages\/424\/revisions\/425"}],"wp:attachment":[{"href":"https:\/\/grupoether.es\/kitdigital\/wp-json\/wp\/v2\/media?parent=424"}],"curies":[{"name":"wp","href":"https:\/\/api.w.org\/{rel}","templated":true}]}}